{"id":334,"date":"2022-09-27T12:32:42","date_gmt":"2022-09-27T10:32:42","guid":{"rendered":"https:\/\/www.artcoupdecoeur.com\/?page_id=334"},"modified":"2022-09-28T18:27:45","modified_gmt":"2022-09-28T16:27:45","slug":"nancy-vuylsteke-de-laps","status":"publish","type":"page","link":"https:\/\/www.artcoupdecoeur.com\/index.php\/nancy-vuylsteke-de-laps\/","title":{"rendered":"Nancy Vuylsteke de Laps"},"content":{"rendered":"\t\t<div data-elementor-type=\"wp-page\" data-elementor-id=\"334\" class=\"elementor elementor-334\">\n\t\t\t\t\t\t\t\t\t<section class=\"elementor-section elementor-top-section elementor-element elementor-element-f91e0e1 elementor-section-boxed elementor-section-height-default elementor-section-height-default\" data-id=\"f91e0e1\" data-element_type=\"section\">\n\t\t\t\t\t\t<div class=\"elementor-container elementor-column-gap-default\">\n\t\t\t\t\t<div class=\"elementor-column elementor-col-100 elementor-top-column elementor-element elementor-element-cbe10de\" data-id=\"cbe10de\" data-element_type=\"column\">\n\t\t\t<div class=\"elementor-widget-wrap elementor-element-populated\">\n\t\t\t\t\t\t\t\t<div class=\"elementor-element elementor-element-9cb0375 elementor-widget elementor-widget-text-editor\" data-id=\"9cb0375\" data-element_type=\"widget\" data-widget_type=\"text-editor.default\">\n\t\t\t\t<div class=\"elementor-widget-container\">\n\t\t\t<style>\/*! elementor - v3.6.5 - 27-04-2022 *\/\n.elementor-widget-text-editor.elementor-drop-cap-view-stacked .elementor-drop-cap{background-color:#818a91;color:#fff}.elementor-widget-text-editor.elementor-drop-cap-view-framed .elementor-drop-cap{color:#818a91;border:3px solid;background-color:transparent}.elementor-widget-text-editor:not(.elementor-drop-cap-view-default) .elementor-drop-cap{margin-top:8px}.elementor-widget-text-editor:not(.elementor-drop-cap-view-default) .elementor-drop-cap-letter{width:1em;height:1em}.elementor-widget-text-editor .elementor-drop-cap{float:left;text-align:center;line-height:1;font-size:50px}.elementor-widget-text-editor .elementor-drop-cap-letter{display:inline-block}<\/style>\t\t\t\t<p>Nancy vuylsteke de laps<\/p>\t\t\t\t\t\t<\/div>\n\t\t\t\t<\/div>\n\t\t\t\t<div class=\"elementor-element elementor-element-71221e4 elementor-widget elementor-widget-text-editor\" data-id=\"71221e4\" data-element_type=\"widget\" data-widget_type=\"text-editor.default\">\n\t\t\t\t<div class=\"elementor-widget-container\">\n\t\t\t\t\t\t\t<p>Si l\u2019une des fonctions principales de l\u2019art est de tenter de rendre palpable l\u2019\u00e9motion, la sculpture poss\u00e8de \u00e0 cet \u00e9gard un avantage certain : elle est en trois dimensions.\u00a0<\/p><p>Mais est-ce dans la mati\u00e8re p\u00e9trie et travaill\u00e9e par les mains de l\u2019artiste que se trouve ce qui touche notre regard et fait vibrer notre \u00e2me ?<\/p><p><span style=\"text-indent: 0em;\">Est-ce dans la fa\u00e7on dont l\u2019artiste parvient \u00e0 faire \u00ab r\u00e9sonner \u00bb le vide autour de son \u0153uvre ?<\/span><\/p><p><span style=\"text-indent: 0em;\">C\u2019est, \u00e0 l\u2019\u00e9vidence, de la combinaison de ces deux ph\u00e9nom\u00e8nes que na\u00eet l\u2019\u00e9motion que nous pouvons ressentir devant une sculpture : de la rencontre entre la mati\u00e8re, nourrie des gestes de l\u2019artiste, et le vide, o\u00f9 vibre l\u2019infini du monde. Alors &#8211; et alors seulement &#8211; l\u2019\u0153uvre \u00e9met cet \u00e9cho dont l\u2019intensit\u00e9 nous atteint. Nous sommes, d\u2019un coup, projet\u00e9 dans l\u2019extr\u00eamement fragile o\u00f9 se m\u00ealent un sentiment de pl\u00e9nitude mettant \u00e0 distance l\u2019in\u00e9vitable quotidiennet\u00e9 du monde et l\u2019impression diffuse d\u2019un bonheur que l\u2019on sait fugitif.\u00a0<\/span><\/p><p><span style=\"text-indent: 0em;\">C\u2019est cet instant fragile que saisit dans ses sculptures Nancy Vuylsteke de Laps. Ses personnages nous ressemblent. Ils portent nos angoisses et nos pulsions, nos r\u00eaves et nos espoirs. Ils sont \u00e0 la fois nous-m\u00eames et l\u2019\u00e9tranger qui est en nous. Faits de nos h\u00e9sitations et de nos doutes, ils osent les \u00e9lans qui, parfois, font secr\u00e8tement battre nos c\u0153urs.<\/span><\/p><p><span style=\"text-indent: 0em;\">Telle est la qu\u00eate de Nancy Vuylsteke de Laps. En d\u00e9gageant du mouvement toute la spontan\u00e9it\u00e9 qui en est le moteur, elle en r\u00e9v\u00e8le la puret\u00e9 et la force. Ce sont ces \u00e9clats de vie qu\u2019elle nous propose. Au-del\u00e0, en s\u2019effor\u00e7ant de leur donner une \u00e9ternit\u00e9, elle nous invite \u00e0 approcher le myst\u00e8re de l\u2019\u00eatre &#8211; tant il est vrai que seul l\u2019art peut y pr\u00e9tendre.<\/span><\/p><p><span style=\"text-indent: 0em;\">Edouard Dor<\/span><\/p>\t\t\t\t\t\t<\/div>\n\t\t\t\t<\/div>\n\t\t\t\t\t<\/div>\n\t\t<\/div>\n\t\t\t\t\t\t\t<\/div>\n\t\t<\/section>\n\t\t\t\t<section class=\"elementor-section elementor-top-section elementor-element elementor-element-48d14c7 elementor-section-content-middle elementor-section-boxed elementor-section-height-default elementor-section-height-default\" data-id=\"48d14c7\" data-element_type=\"section\">\n\t\t\t\t\t\t<div class=\"elementor-container elementor-column-gap-no\">\n\t\t\t\t\t<div class=\"elementor-column elementor-col-50 elementor-top-column elementor-element elementor-element-01788a6\" data-id=\"01788a6\" data-element_type=\"column\">\n\t\t\t<div class=\"elementor-widget-wrap elementor-element-populated\">\n\t\t\t\t\t\t\t\t<div class=\"elementor-element elementor-element-4111aae elementor-widget elementor-widget-image\" data-id=\"4111aae\" data-element_type=\"widget\" data-widget_type=\"image.default\">\n\t\t\t\t<div class=\"elementor-widget-container\">\n\t\t\t<style>\/*! elementor - v3.6.5 - 27-04-2022 *\/\n.elementor-widget-image{text-align:center}.elementor-widget-image a{display:inline-block}.elementor-widget-image a img[src$=\".svg\"]{width:48px}.elementor-widget-image img{vertical-align:middle;display:inline-block}<\/style>\t\t\t\t\t\t\t\t\t\t\t\t<img width=\"1024\" height=\"741\" src=\"https:\/\/www.artcoupdecoeur.com\/wp-content\/uploads\/2022\/09\/arc-en-ciel-n-vuylsteke-de-laps2222-1-1-1024x741.jpg\" class=\"attachment-large size-large\" alt=\"\" loading=\"lazy\" srcset=\"https:\/\/www.artcoupdecoeur.com\/wp-content\/uploads\/2022\/09\/arc-en-ciel-n-vuylsteke-de-laps2222-1-1-1024x741.jpg 1024w, https:\/\/www.artcoupdecoeur.com\/wp-content\/uploads\/2022\/09\/arc-en-ciel-n-vuylsteke-de-laps2222-1-1-300x217.jpg 300w, https:\/\/www.artcoupdecoeur.com\/wp-content\/uploads\/2022\/09\/arc-en-ciel-n-vuylsteke-de-laps2222-1-1-768x556.jpg 768w, https:\/\/www.artcoupdecoeur.com\/wp-content\/uploads\/2022\/09\/arc-en-ciel-n-vuylsteke-de-laps2222-1-1-1536x1112.jpg 1536w, https:\/\/www.artcoupdecoeur.com\/wp-content\/uploads\/2022\/09\/arc-en-ciel-n-vuylsteke-de-laps2222-1-1-2048x1483.jpg 2048w, https:\/\/www.artcoupdecoeur.com\/wp-content\/uploads\/2022\/09\/arc-en-ciel-n-vuylsteke-de-laps2222-1-1-414x300.jpg 414w, https:\/\/www.artcoupdecoeur.com\/wp-content\/uploads\/2022\/09\/arc-en-ciel-n-vuylsteke-de-laps2222-1-1-413x300.jpg 413w\" sizes=\"(max-width: 1024px) 100vw, 1024px\" \/>\t\t\t\t\t\t\t\t\t\t\t\t\t\t\t<\/div>\n\t\t\t\t<\/div>\n\t\t\t\t\t<\/div>\n\t\t<\/div>\n\t\t\t\t<div class=\"elementor-column elementor-col-50 elementor-top-column elementor-element elementor-element-952fbe4\" data-id=\"952fbe4\" data-element_type=\"column\">\n\t\t\t<div class=\"elementor-widget-wrap elementor-element-populated\">\n\t\t\t\t\t\t\t\t<div class=\"elementor-element elementor-element-eef1d39 elementor-widget elementor-widget-image\" data-id=\"eef1d39\" data-element_type=\"widget\" data-widget_type=\"image.default\">\n\t\t\t\t<div class=\"elementor-widget-container\">\n\t\t\t\t\t\t\t\t\t\t\t\t\t\t\t<img width=\"1024\" height=\"724\" src=\"https:\/\/www.artcoupdecoeur.com\/wp-content\/uploads\/2022\/09\/Au-milieu-des-\u00aetoiles-1-1024x724.jpg\" class=\"attachment-large size-large\" alt=\"\" loading=\"lazy\" srcset=\"https:\/\/www.artcoupdecoeur.com\/wp-content\/uploads\/2022\/09\/Au-milieu-des-\u00aetoiles-1-1024x724.jpg 1024w, https:\/\/www.artcoupdecoeur.com\/wp-content\/uploads\/2022\/09\/Au-milieu-des-\u00aetoiles-1-300x212.jpg 300w, https:\/\/www.artcoupdecoeur.com\/wp-content\/uploads\/2022\/09\/Au-milieu-des-\u00aetoiles-1-768x543.jpg 768w, https:\/\/www.artcoupdecoeur.com\/wp-content\/uploads\/2022\/09\/Au-milieu-des-\u00aetoiles-1-1536x1086.jpg 1536w, https:\/\/www.artcoupdecoeur.com\/wp-content\/uploads\/2022\/09\/Au-milieu-des-\u00aetoiles-1-2048x1448.jpg 2048w, https:\/\/www.artcoupdecoeur.com\/wp-content\/uploads\/2022\/09\/Au-milieu-des-\u00aetoiles-1-424x300.jpg 424w\" sizes=\"(max-width: 1024px) 100vw, 1024px\" \/>\t\t\t\t\t\t\t\t\t\t\t\t\t\t\t<\/div>\n\t\t\t\t<\/div>\n\t\t\t\t\t<\/div>\n\t\t<\/div>\n\t\t\t\t\t\t\t<\/div>\n\t\t<\/section>\n\t\t\t\t\t\t\t<\/div>\n\t\t","protected":false},"excerpt":{"rendered":"<p>Nancy vuylsteke de laps Si l\u2019une des fonctions principales de l\u2019art est de tenter de rendre palpable l\u2019\u00e9motion, la sculpture poss\u00e8de \u00e0 cet \u00e9gard un &hellip;<\/p>\n","protected":false},"author":1,"featured_media":0,"parent":0,"menu_order":0,"comment_status":"closed","ping_status":"closed","template":"","meta":[],"yoast_head":"<!-- This site is optimized with the Yoast SEO plugin v18.9 - https:\/\/yoast.com\/wordpress\/plugins\/seo\/ -->\n<title>Nancy Vuylsteke de Laps - L&#039;Art Coup de Coeur<\/title>\n<meta name=\"description\" content=\"Si l\u2019une des fonctions principales de l\u2019art est de tenter de rendre palpable l\u2019\u00e9motion, la sculpture poss\u00e8de \u00e0 cet \u00e9gard un avantage certain : elle est en trois dimensions.\" \/>\n<meta name=\"robots\" content=\"index, follow, max-snippet:-1, max-image-preview:large, max-video-preview:-1\" \/>\n<link rel=\"canonical\" href=\"https:\/\/www.artcoupdecoeur.com\/index.php\/nancy-vuylsteke-de-laps\/\" \/>\n<meta property=\"og:locale\" content=\"fr_FR\" \/>\n<meta property=\"og:type\" content=\"article\" \/>\n<meta property=\"og:title\" content=\"Nancy Vuylsteke de Laps - L&#039;Art Coup de Coeur\" \/>\n<meta property=\"og:description\" content=\"Si l\u2019une des fonctions principales de l\u2019art est de tenter de rendre palpable l\u2019\u00e9motion, la sculpture poss\u00e8de \u00e0 cet \u00e9gard un avantage certain : elle est en trois dimensions.\" \/>\n<meta property=\"og:url\" content=\"https:\/\/www.artcoupdecoeur.com\/index.php\/nancy-vuylsteke-de-laps\/\" \/>\n<meta property=\"og:site_name\" content=\"L&#039;Art Coup de Coeur\" \/>\n<meta property=\"article:modified_time\" content=\"2022-09-28T16:27:45+00:00\" \/>\n<meta property=\"og:image\" content=\"https:\/\/www.artcoupdecoeur.com\/wp-content\/uploads\/2022\/09\/arc-en-ciel-n-vuylsteke-de-laps2222-1-1-1024x741.jpg\" \/>\n<meta name=\"twitter:card\" content=\"summary_large_image\" \/>\n<meta name=\"twitter:label1\" content=\"Dur\u00e9e de lecture estim\u00e9e\" \/>\n\t<meta name=\"twitter:data1\" content=\"2 minutes\" \/>\n<script type=\"application\/ld+json\" class=\"yoast-schema-graph\">{\"@context\":\"https:\/\/schema.org\",\"@graph\":[{\"@type\":\"WebSite\",\"@id\":\"https:\/\/www.artcoupdecoeur.com\/#website\",\"url\":\"https:\/\/www.artcoupdecoeur.com\/\",\"name\":\"L&#039;Art Coup de Coeur\",\"description\":\"\",\"potentialAction\":[{\"@type\":\"SearchAction\",\"target\":{\"@type\":\"EntryPoint\",\"urlTemplate\":\"https:\/\/www.artcoupdecoeur.com\/?s={search_term_string}\"},\"query-input\":\"required name=search_term_string\"}],\"inLanguage\":\"fr-FR\"},{\"@type\":\"ImageObject\",\"inLanguage\":\"fr-FR\",\"@id\":\"https:\/\/www.artcoupdecoeur.com\/index.php\/nancy-vuylsteke-de-laps\/#primaryimage\",\"url\":\"https:\/\/www.artcoupdecoeur.com\/wp-content\/uploads\/2022\/09\/arc-en-ciel-n-vuylsteke-de-laps2222-1-1-1024x741.jpg\",\"contentUrl\":\"https:\/\/www.artcoupdecoeur.com\/wp-content\/uploads\/2022\/09\/arc-en-ciel-n-vuylsteke-de-laps2222-1-1-1024x741.jpg\"},{\"@type\":\"WebPage\",\"@id\":\"https:\/\/www.artcoupdecoeur.com\/index.php\/nancy-vuylsteke-de-laps\/#webpage\",\"url\":\"https:\/\/www.artcoupdecoeur.com\/index.php\/nancy-vuylsteke-de-laps\/\",\"name\":\"Nancy Vuylsteke de Laps - L&#039;Art Coup de Coeur\",\"isPartOf\":{\"@id\":\"https:\/\/www.artcoupdecoeur.com\/#website\"},\"primaryImageOfPage\":{\"@id\":\"https:\/\/www.artcoupdecoeur.com\/index.php\/nancy-vuylsteke-de-laps\/#primaryimage\"},\"datePublished\":\"2022-09-27T10:32:42+00:00\",\"dateModified\":\"2022-09-28T16:27:45+00:00\",\"description\":\"Si l\u2019une des fonctions principales de l\u2019art est de tenter de rendre palpable l\u2019\u00e9motion, la sculpture poss\u00e8de \u00e0 cet \u00e9gard un avantage certain : elle est en trois dimensions.\",\"breadcrumb\":{\"@id\":\"https:\/\/www.artcoupdecoeur.com\/index.php\/nancy-vuylsteke-de-laps\/#breadcrumb\"},\"inLanguage\":\"fr-FR\",\"potentialAction\":[{\"@type\":\"ReadAction\",\"target\":[\"https:\/\/www.artcoupdecoeur.com\/index.php\/nancy-vuylsteke-de-laps\/\"]}]},{\"@type\":\"BreadcrumbList\",\"@id\":\"https:\/\/www.artcoupdecoeur.com\/index.php\/nancy-vuylsteke-de-laps\/#breadcrumb\",\"itemListElement\":[{\"@type\":\"ListItem\",\"position\":1,\"name\":\"Accueil\",\"item\":\"https:\/\/www.artcoupdecoeur.com\/\"},{\"@type\":\"ListItem\",\"position\":2,\"name\":\"Nancy Vuylsteke de Laps\"}]}]}<\/script>\n<!-- \/ Yoast SEO plugin. -->","yoast_head_json":{"title":"Nancy Vuylsteke de Laps - L&#039;Art Coup de Coeur","description":"Si l\u2019une des fonctions principales de l\u2019art est de tenter de rendre palpable l\u2019\u00e9motion, la sculpture poss\u00e8de \u00e0 cet \u00e9gard un avantage certain : elle est en trois dimensions.","robots":{"index":"index","follow":"follow","max-snippet":"max-snippet:-1","max-image-preview":"max-image-preview:large","max-video-preview":"max-video-preview:-1"},"canonical":"https:\/\/www.artcoupdecoeur.com\/index.php\/nancy-vuylsteke-de-laps\/","og_locale":"fr_FR","og_type":"article","og_title":"Nancy Vuylsteke de Laps - L&#039;Art Coup de Coeur","og_description":"Si l\u2019une des fonctions principales de l\u2019art est de tenter de rendre palpable l\u2019\u00e9motion, la sculpture poss\u00e8de \u00e0 cet \u00e9gard un avantage certain : elle est en trois dimensions.","og_url":"https:\/\/www.artcoupdecoeur.com\/index.php\/nancy-vuylsteke-de-laps\/","og_site_name":"L&#039;Art Coup de Coeur","article_modified_time":"2022-09-28T16:27:45+00:00","og_image":[{"url":"https:\/\/www.artcoupdecoeur.com\/wp-content\/uploads\/2022\/09\/arc-en-ciel-n-vuylsteke-de-laps2222-1-1-1024x741.jpg"}],"twitter_card":"summary_large_image","twitter_misc":{"Dur\u00e9e de lecture estim\u00e9e":"2 minutes"},"schema":{"@context":"https:\/\/schema.org","@graph":[{"@type":"WebSite","@id":"https:\/\/www.artcoupdecoeur.com\/#website","url":"https:\/\/www.artcoupdecoeur.com\/","name":"L&#039;Art Coup de Coeur","description":"","potentialAction":[{"@type":"SearchAction","target":{"@type":"EntryPoint","urlTemplate":"https:\/\/www.artcoupdecoeur.com\/?s={search_term_string}"},"query-input":"required name=search_term_string"}],"inLanguage":"fr-FR"},{"@type":"ImageObject","inLanguage":"fr-FR","@id":"https:\/\/www.artcoupdecoeur.com\/index.php\/nancy-vuylsteke-de-laps\/#primaryimage","url":"https:\/\/www.artcoupdecoeur.com\/wp-content\/uploads\/2022\/09\/arc-en-ciel-n-vuylsteke-de-laps2222-1-1-1024x741.jpg","contentUrl":"https:\/\/www.artcoupdecoeur.com\/wp-content\/uploads\/2022\/09\/arc-en-ciel-n-vuylsteke-de-laps2222-1-1-1024x741.jpg"},{"@type":"WebPage","@id":"https:\/\/www.artcoupdecoeur.com\/index.php\/nancy-vuylsteke-de-laps\/#webpage","url":"https:\/\/www.artcoupdecoeur.com\/index.php\/nancy-vuylsteke-de-laps\/","name":"Nancy Vuylsteke de Laps - L&#039;Art Coup de Coeur","isPartOf":{"@id":"https:\/\/www.artcoupdecoeur.com\/#website"},"primaryImageOfPage":{"@id":"https:\/\/www.artcoupdecoeur.com\/index.php\/nancy-vuylsteke-de-laps\/#primaryimage"},"datePublished":"2022-09-27T10:32:42+00:00","dateModified":"2022-09-28T16:27:45+00:00","description":"Si l\u2019une des fonctions principales de l\u2019art est de tenter de rendre palpable l\u2019\u00e9motion, la sculpture poss\u00e8de \u00e0 cet \u00e9gard un avantage certain : elle est en trois dimensions.","breadcrumb":{"@id":"https:\/\/www.artcoupdecoeur.com\/index.php\/nancy-vuylsteke-de-laps\/#breadcrumb"},"inLanguage":"fr-FR","potentialAction":[{"@type":"ReadAction","target":["https:\/\/www.artcoupdecoeur.com\/index.php\/nancy-vuylsteke-de-laps\/"]}]},{"@type":"BreadcrumbList","@id":"https:\/\/www.artcoupdecoeur.com\/index.php\/nancy-vuylsteke-de-laps\/#breadcrumb","itemListElement":[{"@type":"ListItem","position":1,"name":"Accueil","item":"https:\/\/www.artcoupdecoeur.com\/"},{"@type":"ListItem","position":2,"name":"Nancy Vuylsteke de Laps"}]}]}},"_links":{"self":[{"href":"https:\/\/www.artcoupdecoeur.com\/index.php\/wp-json\/wp\/v2\/pages\/334"}],"collection":[{"href":"https:\/\/www.artcoupdecoeur.com\/index.php\/wp-json\/wp\/v2\/pages"}],"about":[{"href":"https:\/\/www.artcoupdecoeur.com\/index.php\/wp-json\/wp\/v2\/types\/page"}],"author":[{"embeddable":true,"href":"https:\/\/www.artcoupdecoeur.com\/index.php\/wp-json\/wp\/v2\/users\/1"}],"replies":[{"embeddable":true,"href":"https:\/\/www.artcoupdecoeur.com\/index.php\/wp-json\/wp\/v2\/comments?post=334"}],"version-history":[{"count":23,"href":"https:\/\/www.artcoupdecoeur.com\/index.php\/wp-json\/wp\/v2\/pages\/334\/revisions"}],"predecessor-version":[{"id":443,"href":"https:\/\/www.artcoupdecoeur.com\/index.php\/wp-json\/wp\/v2\/pages\/334\/revisions\/443"}],"wp:attachment":[{"href":"https:\/\/www.artcoupdecoeur.com\/index.php\/wp-json\/wp\/v2\/media?parent=334"}],"curies":[{"name":"wp","href":"https:\/\/api.w.org\/{rel}","templated":true}]}}